{"id":638,"date":"2020-08-31T07:22:22","date_gmt":"2020-08-31T07:22:22","guid":{"rendered":"https:\/\/sfz-erding.de\/wordpress\/638-2\/"},"modified":"2024-07-15T14:41:09","modified_gmt":"2024-07-15T14:41:09","slug":"katharina-fischer-schule-startseite","status":"publish","type":"page","link":"https:\/\/sfz-erding.de\/wordpress\/","title":{"rendered":"Katharina-Fischer-Schule"},"content":{"rendered":"<div class=\"\" style=\"\">\n    \n    <section class=\"u-align-center u-clearfix u-hidden u-valign-middle-xs u-section-2\" id=\"Katharina-Fischer-Schule-Start\">\n      <div class=\"u-clearfix u-sheet u-valign-middle u-sheet-1\">\n        <div class=\"u-clearfix u-expanded-width u-layout-wrap u-layout-wrap-1\">\n          <div class=\"u-layout\">\n            <div class=\"u-layout-col\">\n              <div class=\"u-align-center u-container-style u-image u-layout-cell u-left-cell u-right-cell u-size-30 u-image-1\" data-image-width=\"2560\" data-image-height=\"1707\">\n                <div class=\"u-container-layout u-valign-middle u-container-layout-1\"><\/div>\n              <\/div>\n              <div class=\"u-align-center u-container-style u-layout-cell u-left-cell u-right-cell u-size-30 u-layout-cell-2\">\n                <div class=\"u-container-layout u-valign-middle u-container-layout-2\"><span class=\"u-icon u-icon-circle u-text-palette-1-base u-icon-1\"><svg class=\"u-svg-link\" preserveAspectRatio=\"xMidYMin slice\" viewBox=\"0 0 512 512\" style=\"\"><use xlink:href=\"#svg-52aa\"><\/use><\/svg><svg xmlns=\"http:\/\/www.w3.org\/2000\/svg\" xmlns:xlink=\"http:\/\/www.w3.org\/1999\/xlink\" version=\"1.1\" xml:space=\"preserve\" class=\"u-svg-content\" viewBox=\"0 0 512 512\" id=\"svg-52aa\"><g><g><path d=\"m436 508.944c-8.291 0-15-6.709-15-15v-181c0-8.291 6.709-15 15-15s15 6.709 15 15v181c0 8.291-6.709 15-15 15z\" fill=\"#39326c\"><\/path>\n<\/g><path d=\"m256 87.944c-24.814 0-45 20.186-45 45v29.956l45 .022 45 .022v-30c0-24.814-20.186-45-45-45z\" fill=\"#ff6b6b\"><\/path><path d=\"m301 132.944c0-24.814-20.186-45-45-45v74.978l45 .022z\" fill=\"#e62e77\"><\/path><path d=\"m497 147.944h-117.499l-12.217 29.639 75.357 125.599 45.857 24.763h8.502c8.291 0 15-6.709 15-15v-150c0-8.292-6.709-15.001-15-15.001z\" fill=\"#e2dff4\"><\/path><path d=\"m379.501 147.944h-89.993l-11.841 30.264 73.099 121.832 46.742 27.904h90.99z\" fill=\"#e62e77\"><\/path><path d=\"m289.508 147.944h-33.508-56.494l-8.518 35.803 65.012 108.352 4.64 7.733 46.868 28.112h90z\" fill=\"#f3f5f9\"><\/path><path d=\"m307.508 327.944h90l-108-180h-33.508v144.155l4.64 7.733z\" fill=\"#e2dff4\"><\/path><path d=\"m256 242.099-56.494-94.155h-90l-5.76 40.399 65.077 108.458 48.686 31.143h38.491 51.508z\" fill=\"#ff6b6b\"><\/path><path d=\"m256 242.099v85.845h51.508z\" fill=\"#e62e77\"><\/path><path d=\"m109.506 147.944h-90.992l-2.565 45.727 66.576 109.295 44.986 24.978h89.998z\" fill=\"#f3f5f9\"><\/path><path d=\"m15 147.944c-8.291 0-15 6.709-15 15v150c0 8.291 6.709 15 15 15h112.511l-108.997-180z\" fill=\"#ff6b6b\"><\/path><g><g><path d=\"m279.291 61.005c-7.998-2.139-12.744-10.371-10.605-18.369l7.764-28.456c2.139-8.013 10.444-12.744 18.369-10.605 7.998 2.139 12.744 10.371 10.605 18.369l-7.764 28.456c-2.146 8.059-10.44 12.744-18.369 10.605z\" fill=\"#ffc178\"><\/path>\n<\/g>\n<\/g><g><g><path d=\"m214.34 50.4-7.764-28.456c-2.139-7.998 2.607-16.23 10.605-18.369 8.027-2.153 16.245 2.593 18.369 10.605l7.764 28.456c2.139 7.998-2.607 16.23-10.605 18.369-7.923 2.137-16.221-2.54-18.369-10.605z\" fill=\"#fcdf77\"><\/path>\n<\/g>\n<\/g><g><g><path d=\"m171.142 84.296-21.211-21.211c-5.859-5.859-5.859-15.352 0-21.211s15.352-5.859 21.211 0l21.211 21.211c5.859 5.859 5.859 15.352 0 21.211-5.86 5.86-15.352 5.86-21.211 0z\" fill=\"#fcdf77\"><\/path>\n<\/g>\n<\/g><g><g><path d=\"m319.647 84.296c-5.859-5.859-5.859-15.352 0-21.211l21.211-21.211c5.859-5.859 15.352-5.859 21.211 0s5.859 15.352 0 21.211l-21.211 21.211c-5.859 5.86-15.351 5.86-21.211 0z\" fill=\"#ffc178\"><\/path>\n<\/g>\n<\/g><g><path d=\"m466 508.944h-60c-8.291 0-15-6.709-15-15s6.709-15 15-15h60c8.291 0 15 6.709 15 15s-6.709 15-15 15z\" fill=\"#39326c\"><\/path>\n<\/g><path d=\"m166.806 357.944-15.806-15h-30-30l-15.806 15-20 60 35.806 15h30 30l35.806-15z\" fill=\"#ffc178\"><\/path><path d=\"m186.806 417.944-20-60-15.806-15h-30v90h30z\" fill=\"#ff9f40\"><\/path><g fill=\"#fcdf77\"><path d=\"m186.806 417.944h-65.806-65.806l-23.418 71.254h89.224 89.224z\"><\/path><path d=\"m166.806 357.944-16.582-49.746c-2.036-6.123-7.764-10.254-14.224-10.254h-15-15c-6.46 0-12.188 4.131-14.224 10.254l-16.582 49.746h45.806z\"><\/path>\n<\/g><path d=\"m186.806 417.944h-65.806v71.254h89.224z\" fill=\"#ffc178\"><\/path><path d=\"m150.224 308.198c-2.036-6.123-7.764-10.254-14.224-10.254h-15v60h45.806z\" fill=\"#ffc178\"><\/path><path d=\"m226 478.944h-105-106c-8.401 0-15 6.599-15 15 0 8.399 6.599 15 15 15h106 105c8.401 0 15-6.601 15-15 0-8.401-6.599-15-15-15z\" fill=\"#51489a\"><\/path><path d=\"m241 493.944c0 8.399-6.599 15-15 15h-105v-30h105c8.401 0 15 6.599 15 15z\" fill=\"#39326c\"><\/path>\n<\/g><\/svg><\/span>\n                  <p class=\"u-text u-text-default u-text-1\">Die Seite wird \u00fcberarbeitet<br>\n                  <\/p>\n                  <h1 class=\"u-text u-text-default u-title u-text-2\">Katharina-Fischer-Schule<\/h1>\n                  <h2 class=\"u-subtitle u-text u-text-default u-text-3\">Sonderp\u00e4dagogisches F\u00f6rderzentrum Erding<br>\n                  <\/h2>\n                <\/div>\n              <\/div>\n            <\/div>\n          <\/div>\n        <\/div>\n      <\/div>\n    <\/section>\n    <section class=\"u-align-center u-clearfix u-image u-image-contain u-section-3\" id=\"Startseite_Blau\" data-image-width=\"1920\" data-image-height=\"1042\">\n      <div class=\"u-clearfix u-sheet u-sheet-1\">\n        <div id=\"carousel-cc7c\" data-interval=\"1000\" data-u-ride=\"carousel\" class=\"u-carousel u-carousel-duration-2000 u-expanded-width u-slider u-slider-1\" data-pause=\"false\">\n          <ol class=\"u-absolute-hcenter u-carousel-indicators u-hidden u-carousel-indicators-1\">\n            <li data-u-target=\"#carousel-cc7c\" class=\"u-active u-grey-30\" data-u-slide-to=\"0\"><\/li>\n            <li data-u-target=\"#carousel-cc7c\" class=\"u-grey-30\" data-u-slide-to=\"1\"><\/li>\n            <li data-u-target=\"#carousel-cc7c\" class=\"u-grey-30\" data-u-slide-to=\"2\"><\/li>\n          <\/ol>\n          <div class=\"u-carousel-inner\" role=\"listbox\">\n            <div class=\"test-slide u-active u-align-left u-carousel-item u-container-style u-expanded-width u-slide u-carousel-item-1\">\n              <div class=\"u-container-layout u-container-layout-1\"><\/div>\n            <\/div>\n            <div class=\"test-slide u-align-left u-carousel-item u-container-style u-expanded-width u-slide u-carousel-item-2\">\n              <div class=\"u-container-layout u-container-layout-2\"><\/div>\n            <\/div>\n            <div class=\"test-slide u-align-left u-carousel-item u-container-style u-slide\">\n              <div class=\"u-container-layout u-container-layout-3\"><\/div>\n            <\/div>\n          <\/div>\n          <a class=\"u-absolute-vcenter u-carousel-control u-carousel-control-prev u-hidden u-spacing-5 u-text-grey-30 u-carousel-control-1\" href=\"#carousel-cc7c\" role=\"button\" data-u-slide=\"prev\">\n            <span aria-hidden=\"true\">\n              <svg viewBox=\"0 0 477.175 477.175\"><path d=\"M145.188,238.575l215.5-215.5c5.3-5.3,5.3-13.8,0-19.1s-13.8-5.3-19.1,0l-225.1,225.1c-5.3,5.3-5.3,13.8,0,19.1l225.1,225\n                    c2.6,2.6,6.1,4,9.5,4s6.9-1.3,9.5-4c5.3-5.3,5.3-13.8,0-19.1L145.188,238.575z\"><\/path><\/svg>\n            <\/span>\n            <span class=\"sr-only\">Previous<\/span>\n          <\/a>\n          <a class=\"u-absolute-vcenter u-carousel-control u-carousel-control-next u-hidden u-spacing-5 u-text-grey-30 u-carousel-control-2\" href=\"#carousel-cc7c\" role=\"button\" data-u-slide=\"next\">\n            <span aria-hidden=\"true\">\n              <svg viewBox=\"0 0 477.175 477.175\"><path d=\"M360.731,229.075l-225.1-225.1c-5.3-5.3-13.8-5.3-19.1,0s-5.3,13.8,0,19.1l215.5,215.5l-215.5,215.5\n                    c-5.3,5.3-5.3,13.8,0,19.1c2.6,2.6,6.1,4,9.5,4c3.4,0,6.9-1.3,9.5-4l225.1-225.1C365.931,242.875,365.931,234.275,360.731,229.075z\"><\/path><\/svg>\n            <\/span>\n            <span class=\"sr-only\">Next<\/span>\n          <\/a>\n        <\/div>\n        <img src=\"https:\/\/sfz-erding.de\/wordpress\/wp-content\/uploads\/2022\/11\/LOGO_Schule_ohne_Rassismus_mit_Courage.jpg\" alt=\"\" class=\"u-image u-image-contain u-image-default u-preserve-proportions u-image-1\" data-image-width=\"235\" data-image-height=\"83\">\n      <\/div>\n    <\/section>\n    <section class=\"u-clearfix u-custom-color-15 u-hidden-lg u-hidden-sm u-hidden-xl u-section-4\" id=\"Startseite_Grau\">\n      <div class=\"u-clearfix u-sheet u-sheet-1\"><\/div>\n    <\/section>\n    \n    \n    \n  \n<\/div>","protected":false},"excerpt":{"rendered":"<p>Die Seite wird \u00fcberarbeitet Katharina-Fischer-Schule Sonderp\u00e4dagogisches F\u00f6rderzentrum Erding Previous Next<\/p>\n","protected":false},"author":4,"featured_media":0,"parent":0,"menu_order":0,"comment_status":"closed","ping_status":"closed","template":"","meta":[],"_links":{"self":[{"href":"https:\/\/sfz-erding.de\/wordpress\/wp-json\/wp\/v2\/pages\/638"}],"collection":[{"href":"https:\/\/sfz-erding.de\/wordpress\/wp-json\/wp\/v2\/pages"}],"about":[{"href":"https:\/\/sfz-erding.de\/wordpress\/wp-json\/wp\/v2\/types\/page"}],"author":[{"embeddable":true,"href":"https:\/\/sfz-erding.de\/wordpress\/wp-json\/wp\/v2\/users\/4"}],"replies":[{"embeddable":true,"href":"https:\/\/sfz-erding.de\/wordpress\/wp-json\/wp\/v2\/comments?post=638"}],"version-history":[{"count":41,"href":"https:\/\/sfz-erding.de\/wordpress\/wp-json\/wp\/v2\/pages\/638\/revisions"}],"predecessor-version":[{"id":3643,"href":"https:\/\/sfz-erding.de\/wordpress\/wp-json\/wp\/v2\/pages\/638\/revisions\/3643"}],"wp:attachment":[{"href":"https:\/\/sfz-erding.de\/wordpress\/wp-json\/wp\/v2\/media?parent=638"}],"curies":[{"name":"wp","href":"https:\/\/api.w.org\/{rel}","templated":true}]}}