{"id":1093,"date":"2020-10-08T21:30:17","date_gmt":"2020-10-08T21:30:17","guid":{"rendered":"https:\/\/sfz-erding.de\/wordpress\/?page_id=1093"},"modified":"2025-10-06T16:40:51","modified_gmt":"2025-10-06T16:40:51","slug":"msd","status":"publish","type":"page","link":"https:\/\/sfz-erding.de\/wordpress\/msd\/","title":{"rendered":"MSD"},"content":{"rendered":"<div class=\"\" style=\"\">\n    \n    <section class=\"u-align-center u-clearfix u-section-2\" id=\"MSD-Menu\">\n      <div class=\"u-clearfix u-sheet u-valign-middle u-sheet-1\">\n        <div class=\"u-clearfix u-expanded-width u-gutter-0 u-layout-spacing-top u-layout-wrap u-layout-wrap-1\">\n          <div class=\"u-gutter-0 u-layout\">\n            <div class=\"u-layout-col\">\n              <div class=\"u-size-30\">\n                <div class=\"u-layout-row\">\n                  <div class=\"u-container-style u-layout-cell u-size-60 u-layout-cell-1\">\n                    <div class=\"u-container-layout u-valign-middle u-container-layout-1\">\n                      <h2 class=\"u-align-center u-text u-text-palette-2-dark-1 u-text-1\">Mobiler Sonderp\u00e4dagogischer Dienst (MSD)<\/h2>\n                    <\/div>\n                  <\/div>\n                <\/div>\n              <\/div>\n              <div class=\"u-size-30\">\n                <div class=\"u-layout-row\">\n                  <div class=\"u-align-center u-container-style u-layout-cell u-palette-2-base u-size-15 u-layout-cell-2\">\n                    <div class=\"u-container-layout u-valign-middle u-container-layout-2\"><span class=\"u-icon u-icon-circle u-icon-1\" data-href=\"https:\/\/sfz-erding.de\/wordpress\/msd\/#Was-ist-der-MSD\" title=\"Block 3 (Mobiler Sonderp\u00e4dagogischer Dienst - Aufgaben)\"><svg class=\"u-svg-link\" preserveAspectRatio=\"xMidYMin slice\" viewBox=\"0 0 52 52\" style=\"\"><use xlink:href=\"#svg-fe72\"><\/use><\/svg><svg xmlns=\"http:\/\/www.w3.org\/2000\/svg\" xmlns:xlink=\"http:\/\/www.w3.org\/1999\/xlink\" version=\"1.1\" xml:space=\"preserve\" class=\"u-svg-content\" viewBox=\"0 0 52 52\" x=\"0px\" y=\"0px\" id=\"svg-fe72\" style=\"enable-background:new 0 0 52 52;\"><g><path d=\"M26,0C11.663,0,0,11.663,0,26s11.663,26,26,26s26-11.663,26-26S40.337,0,26,0z M26,50C12.767,50,2,39.233,2,26   S12.767,2,26,2s24,10.767,24,24S39.233,50,26,50z\"><\/path><path d=\"M26,37c-0.553,0-1,0.447-1,1v2c0,0.553,0.447,1,1,1s1-0.447,1-1v-2C27,37.447,26.553,37,26,37z\"><\/path><path d=\"M26.113,9.001C26.075,9.001,26.037,9,25.998,9c-2.116,0-4.106,0.815-5.615,2.304C18.847,12.819,18,14.842,18,17   c0,0.553,0.447,1,1,1s1-0.447,1-1c0-1.618,0.635-3.136,1.787-4.272c1.153-1.137,2.688-1.765,4.299-1.727   c3.161,0.044,5.869,2.752,5.913,5.913c0.029,2.084-0.999,4.002-2.751,5.132C26.588,23.762,25,26.794,25,30.158V33   c0,0.553,0.447,1,1,1s1-0.447,1-1v-2.842c0-2.642,1.276-5.105,3.332-6.432c2.335-1.506,3.706-4.063,3.667-6.84   C33.939,12.599,30.401,9.061,26.113,9.001z\"><\/path>\n<\/g><\/svg><\/span>\n                      <h2 class=\"u-text u-text-2\">\n                        <a class=\"u-btn u-button-link u-button-style u-text-body-alt-color u-btn-1\" href=\"https:\/\/sfz-erding.de\/wordpress\/msd\/#Was-ist-der-MSD\">Was ist der MSD?<br>\n                        <\/a>\n                      <\/h2>\n                    <\/div>\n                  <\/div>\n                  <div class=\"u-align-center u-container-style u-layout-cell u-opacity u-opacity-85 u-palette-2-base u-size-15 u-layout-cell-3\">\n                    <div class=\"u-container-layout u-valign-middle u-container-layout-3\"><span class=\"u-icon u-icon-circle u-icon-2\" data-href=\"#carousel_1f63\" title=\"Block 5 (Ziel des Mobilen Sonderp\u00e4dagogischen Dienstes)\"><svg class=\"u-svg-link\" preserveAspectRatio=\"xMidYMin slice\" viewBox=\"0 0 57.88 57.88\" style=\"\"><use xlink:href=\"#svg-3362\"><\/use><\/svg><svg xmlns=\"http:\/\/www.w3.org\/2000\/svg\" xmlns:xlink=\"http:\/\/www.w3.org\/1999\/xlink\" version=\"1.1\" xml:space=\"preserve\" class=\"u-svg-content\" viewBox=\"0 0 57.88 57.88\" x=\"0px\" y=\"0px\" id=\"svg-3362\" style=\"enable-background:new 0 0 57.88 57.88;\"><path d=\"M57.469,15.017L47.384,5.94H26v-4c0-0.553-0.448-1-1-1s-1,0.447-1,1v4H0v20h24v30c0,0.553,0.448,1,1,1s1-0.447,1-1v-30  h21.384l10.083-9.075c0.263-0.235,0.413-0.572,0.413-0.925S57.73,15.251,57.469,15.017z M46.616,23.94H2v-16h44.616l8.889,8  L46.616,23.94z\"><\/path><\/svg><\/span>\n                      <h2 class=\"u-text u-text-3\">Ziel des MSD<br>\n                      <\/h2>\n                    <\/div>\n                  <\/div>\n                  <div class=\"u-align-center u-container-style u-layout-cell u-opacity u-opacity-70 u-palette-2-base u-size-15 u-layout-cell-4\">\n                    <div class=\"u-container-layout u-valign-middle u-container-layout-4\"><span class=\"u-icon u-icon-circle u-icon-3\" data-href=\"#sec-aaa7\" title=\"Block 6 (Angebote des MSD)\"><svg class=\"u-svg-link\" preserveAspectRatio=\"xMidYMin slice\" viewBox=\"0 0 60 60\" style=\"\"><use xlink:href=\"#svg-fc56\"><\/use><\/svg><svg xmlns=\"http:\/\/www.w3.org\/2000\/svg\" xmlns:xlink=\"http:\/\/www.w3.org\/1999\/xlink\" version=\"1.1\" xml:space=\"preserve\" class=\"u-svg-content\" viewBox=\"0 0 60 60\" x=\"0px\" y=\"0px\" id=\"svg-fc56\" style=\"enable-background:new 0 0 60 60;\"><g><path d=\"M23.429,17H47c0.552,0,1-0.447,1-1s-0.448-1-1-1H23.429c-0.552,0-1,0.447-1,1S22.877,17,23.429,17z\"><\/path><path d=\"M23.429,32H47c0.552,0,1-0.447,1-1s-0.448-1-1-1H23.429c-0.552,0-1,0.447-1,1S22.877,32,23.429,32z\"><\/path><path d=\"M23.429,47H47c0.552,0,1-0.447,1-1s-0.448-1-1-1H23.429c-0.552,0-1,0.447-1,1S22.877,47,23.429,47z\"><\/path><path d=\"M59,0H1C0.448,0,0,0.447,0,1v58c0,0.553,0.448,1,1,1h58c0.552,0,1-0.447,1-1V1C60,0.447,59.552,0,59,0z M58,58H2V2h56V58z\"><\/path><polygon points=\"12.501,18.474 14.929,17.197 17.357,18.474 16.894,15.77 18.858,13.854 16.143,13.46 14.929,11 13.715,13.46    11,13.854 12.965,15.77  \"><\/polygon><polygon points=\"12.501,33.557 14.929,32.28 17.357,33.557 16.894,30.853 18.858,28.938 16.143,28.543 14.929,26.083    13.715,28.543 11,28.938 12.965,30.853  \"><\/polygon><polygon points=\"12.501,49 14.929,47.723 17.357,49 16.894,46.296 18.858,44.381 16.143,43.986 14.929,41.526 13.715,43.986    11,44.381 12.965,46.296  \"><\/polygon>\n<\/g><\/svg><\/span>\n                      <h2 class=\"u-text u-text-4\">Angebote des MSD<br>\n                      <\/h2>\n                    <\/div>\n                  <\/div>\n                  <div class=\"u-align-center u-container-style u-layout-cell u-opacity u-opacity-55 u-palette-2-base u-size-15 u-layout-cell-5\">\n                    <div class=\"u-container-layout u-valign-middle u-container-layout-5\"><span class=\"u-icon u-icon-circle u-text-white u-icon-4\" data-href=\"https:\/\/sfz-erding.de\/wordpress\/beratung\/\" title=\"Beratung\"><svg class=\"u-svg-link\" preserveAspectRatio=\"xMidYMin slice\" viewBox=\"0 0 512 512\" style=\"\"><use xlink:href=\"#svg-f480\"><\/use><\/svg><svg xmlns=\"http:\/\/www.w3.org\/2000\/svg\" xmlns:xlink=\"http:\/\/www.w3.org\/1999\/xlink\" version=\"1.1\" xml:space=\"preserve\" class=\"u-svg-content\" viewBox=\"0 0 512 512\" x=\"0px\" y=\"0px\" id=\"svg-f480\" style=\"enable-background:new 0 0 512 512;\"><g><g><g><path d=\"M256,0C114.833,0,0,114.833,0,256s114.833,256,256,256s256-114.833,256-256S397.167,0,256,0z M256,490.667     C126.604,490.667,21.333,385.396,21.333,256S126.604,21.333,256,21.333S490.667,126.604,490.667,256S385.396,490.667,256,490.667     z\"><\/path><path d=\"M306.208,131.125c-4.167-4.167-10.917-4.167-15.083,0L173.792,248.458c-4.167,4.167-4.167,10.917,0,15.083     l117.333,117.333c2.083,2.083,4.813,3.125,7.542,3.125c2.729,0,5.458-1.042,7.542-3.125c4.167-4.167,4.167-10.917,0-15.083     L196.417,256l109.792-109.792C310.375,142.042,310.375,135.292,306.208,131.125z\"><\/path>\n<\/g>\n<\/g>\n<\/g><\/svg><\/span>\n                      <h2 class=\"u-text u-text-default u-text-5\">\n                        <a class=\"u-btn u-button-style u-text-white u-btn-2\" href=\"https:\/\/sfz-erding.de\/wordpress\/beratung\/\">zur\u00fcck zu Beratung<br>\n                        <\/a>\n                      <\/h2>\n                    <\/div>\n                  <\/div>\n                <\/div>\n              <\/div>\n            <\/div>\n          <\/div>\n        <\/div>\n      <\/div>\n    <\/section>\n    <section class=\"u-clearfix u-white u-section-3\" id=\"Was-ist-der-MSD\">\n      <div class=\"u-clearfix u-sheet u-valign-middle u-sheet-1\">\n        <div class=\"u-align-center u-container-style u-group u-group-1\">\n          <div class=\"u-container-layout u-valign-middle u-container-layout-1\">\n            <h1 class=\"u-text u-text-black u-text-1\">Was ist der Mobile Sonderp\u00e4dagogische Dienst? <br>\n            <\/h1>\n            <p class=\"u-text u-text-2\">Der MSD ist ein integratives Angebot des Sonderp\u00e4dagogischen F\u00f6rderzentrums an die \nallgemeine Schule zur Unterst\u00fctzung von Sch\u00fclerinnen und Sch\u00fclern mit \nsonderp\u00e4dagogischem F\u00f6rderbedarf.&nbsp;<br>Die Aufgaben\n des Mobilen Sonderp\u00e4dagogischen Dienstes sind Beratung, Diagnostik, F\u00f6rderung und \nKoordinierung von F\u00f6rderma\u00dfnahmen.\n            <\/p>\n          <\/div>\n        <\/div>\n      <\/div>\n    <\/section>\n    <section class=\"u-clearfix u-white u-section-4\" id=\"carousel_1f63\">\n      <div class=\"u-clearfix u-sheet u-valign-middle u-sheet-1\">\n        <div class=\"u-align-center u-container-style u-group u-group-1\">\n          <div class=\"u-container-layout u-valign-middle u-container-layout-1\">\n            <h1 class=\"u-text u-text-black u-text-1\">Ziel des Mobilen Sonderp\u00e4dagogischen Dienstes<br>\n            <\/h1>\n            <p class=\"u-text u-text-2\">Ziel des MSD ist, Sch\u00fclerinnen und \nSch\u00fcler so zu st\u00fctzen, dass sie trotz Beeintr\u00e4chtigungen in einzelnen \nWahrnehmungsbereichen und\/oder mit Sprach- bzw. Lernbeeintr\u00e4chtigungen \nund\/oder einer emotional-sozialen Entwicklungsst\u00f6rung an der \u00f6rtlichen \nRegelschule verbleiben k\u00f6nnen. <\/p>\n          <\/div>\n        <\/div>\n      <\/div>\n    <\/section>\n    <section class=\"u-clearfix u-white u-section-5\" id=\"carousel_c2c0\">\n      <div class=\"u-clearfix u-sheet u-sheet-1\">\n        <div class=\"u-align-left u-container-style u-expanded-width u-group u-group-1\">\n          <div class=\"u-container-layout u-valign-middle u-container-layout-1\">\n            <h1 class=\"u-text u-text-1\">Kooperationsklassen<\/h1>\n          <\/div>\n        <\/div>\n        <div class=\"u-clearfix u-expanded-width u-layout-wrap u-layout-wrap-1\">\n          <div class=\"u-layout\">\n            <div class=\"u-layout-row\">\n              <div class=\"u-size-60\">\n                <div class=\"u-layout-col\">\n                  <div class=\"u-container-style u-layout-cell u-left-cell u-palette-4-light-3 u-size-60 u-layout-cell-1\">\n                    <div class=\"u-container-layout u-container-layout-2\">\n                      <p class=\"u-text u-text-2\">Kooperationsklassen sind ein weiteres Angebot des MSD. Der MSD \nunterst\u00fctzt Kinder mit sonderp\u00e4dagogischem F\u00f6rderbedarf in \nKooperationsklassen an Grund- und Mittelschulen. Solche \nKooperationsklassen werden dann gebildet, wenn Kinder als Gruppe vom \nF\u00f6rderzentrum in die allgemeine Schule zur\u00fcckgef\u00fchrt werden und bei den \nKindern noch ein sonderp\u00e4dagogischer F\u00f6rderbedarf besteht.&nbsp;<br>Eine \nKooperationsklasse kann auch f\u00fcr Kinder mit sonderp\u00e4dagogischem \nF\u00f6rderbedarf in der Eingangsstufe eingerichtet werden und von Beginn an \ndie Chance bieten, im gemeinsamen Unterricht erfolgreich zu lernen. Ziel\n ist die Eingliederung von Kindern mit sonderp\u00e4dagogischem F\u00f6rderbedarf \nin die allgemeine Schule. <br>\n                      <\/p>\n                    <\/div>\n                  <\/div>\n                <\/div>\n              <\/div>\n            <\/div>\n          <\/div>\n        <\/div>\n      <\/div>\n    <\/section>\n    <section class=\"u-align-center u-clearfix u-white u-section-6\" id=\"AsA-Flex\">\n      <div class=\"u-clearfix u-sheet u-valign-middle u-sheet-1\">\n        <div class=\"u-clearfix u-expanded-width u-gutter-0 u-layout-wrap u-layout-wrap-1\">\n          <div class=\"u-gutter-0 u-layout\">\n            <div class=\"u-layout-col\">\n              <div class=\"u-size-20\">\n                <div class=\"u-layout-row\">\n                  <div class=\"u-align-center u-container-style u-layout-cell u-shape-rectangle u-size-60 u-layout-cell-1\">\n                    <div class=\"u-container-layout u-valign-middle u-container-layout-1\">\n                      <h2 class=\"u-align-center u-text u-text-1\">AsA - Flex <\/h2>\n                    <\/div>\n                  <\/div>\n                <\/div>\n              <\/div>\n              <div class=\"u-size-20\">\n                <div class=\"u-layout-row\">\n                  <div class=\"u-container-style u-layout-cell u-size-60 u-layout-cell-2\">\n                    <div class=\"u-container-layout u-valign-top u-container-layout-2\">\n                      <p class=\"u-align-left u-large-text u-text u-text-variant u-text-2\"> AsA-Flex erg\u00e4nzt das MSD-Angebot mit dem Schwerpunkt emotionale\nsoziale Entwicklung (esE).<br>Unser\nBeratungsangebot kann von allen Grund- und Mittelschulen in Anspruch genommen\nwerden, die in den Zust\u00e4ndigkeitsbereich des SFZ Katharina-Fischer-Schule\nfallen.\n                      <\/p>\n                    <\/div>\n                  <\/div>\n                  <div class=\"u-container-style u-layout-cell\">\n                    <div class=\"u-container-layout u-container-layout-3\"><\/div>\n                  <\/div>\n                <\/div>\n              <\/div>\n              <div class=\"u-size-20\">\n                <div class=\"u-layout-row\">\n                  <div class=\"u-container-style u-layout-cell u-size-30 u-layout-cell-4\">\n                    <div class=\"u-container-layout u-valign-top u-container-layout-4\">\n                      <p class=\"u-align-left u-large-text u-text u-text-default u-text-variant u-text-3\">E-Mail:<br>msd.asa@sfz-erding.de\n                      <\/p>\n                    <\/div>\n                  <\/div>\n                  <div class=\"u-container-style u-layout-cell u-size-30 u-layout-cell-5\">\n                    <div class=\"u-container-layout u-valign-top u-container-layout-5\">\n                      <p class=\"u-align-left u-large-text u-text u-text-default u-text-variant u-text-4\">Mobil\/Whatsapp:<br>0151 724 68 231\n                      <\/p>\n                    <\/div>\n                  <\/div>\n                <\/div>\n              <\/div>\n            <\/div>\n          <\/div>\n        <\/div>\n      <\/div>\n    <\/section>\n    <section class=\"u-clearfix u-white u-section-7\" id=\"sec-e191\">\n      <div class=\"u-clearfix u-sheet u-valign-middle u-sheet-1\">\n        <div class=\"u-clearfix u-disable-padding u-expanded-width u-gutter-30 u-layout-wrap u-layout-wrap-1\">\n          <div class=\"u-gutter-0 u-layout\">\n            <div class=\"u-layout-row\">\n              <div class=\"u-container-style u-layout-cell u-left-cell u-similar-fill u-size-30 u-white u-layout-cell-1\">\n                <div class=\"u-container-layout u-padding-6 u-valign-middle u-container-layout-1\"><span class=\"u-icon u-icon-circle u-palette-1-base u-spacing-12 u-icon-1\"><svg class=\"u-svg-link\" preserveAspectRatio=\"xMidYMin slice\" viewBox=\"0 0 54.757 54.757\"><use xmlns:xlink=\"http:\/\/www.w3.org\/1999\/xlink\" xlink:href=\"#svg-967c\"><\/use><\/svg><svg xmlns=\"http:\/\/www.w3.org\/2000\/svg\" xmlns:xlink=\"http:\/\/www.w3.org\/1999\/xlink\" version=\"1.1\" id=\"svg-967c\" x=\"0px\" y=\"0px\" viewBox=\"0 0 54.757 54.757\" style=\"enable-background:new 0 0 54.757 54.757;\" xml:space=\"preserve\" class=\"u-svg-content\"><g><path d=\"M27.557,12c-3.859,0-7,3.141-7,7s3.141,7,7,7s7-3.141,7-7S31.416,12,27.557,12z M27.557,24c-2.757,0-5-2.243-5-5   s2.243-5,5-5s5,2.243,5,5S30.314,24,27.557,24z\"><\/path><path d=\"M40.94,5.617C37.318,1.995,32.502,0,27.38,0c-5.123,0-9.938,1.995-13.56,5.617c-6.703,6.702-7.536,19.312-1.804,26.952   L27.38,54.757L42.721,32.6C48.476,24.929,47.643,12.319,40.94,5.617z M41.099,31.431L27.38,51.243L13.639,31.4   C8.44,24.468,9.185,13.08,15.235,7.031C18.479,3.787,22.792,2,27.38,2s8.901,1.787,12.146,5.031   C45.576,13.08,46.321,24.468,41.099,31.431z\"><\/path>\n<\/g><g><\/g><g><\/g><g><\/g><g><\/g><g><\/g><g><\/g><g><\/g><g><\/g><g><\/g><g><\/g><g><\/g><g><\/g><g><\/g><g><\/g><g><\/g><\/svg><\/span>\n                  <h6 class=\"u-align-center u-text u-text-1\">Mobiler Sonderp\u00e4dagogischer Dienst<br>Katharina-Fischer-Schule, SFZ Erding<br>Wilhelm-Bachmair-Str. 7, 85435 Erding<br>\n                  <\/h6>\n                <\/div>\n              <\/div>\n              <div class=\"u-align-center u-container-style u-layout-cell u-right-cell u-similar-fill u-size-30 u-white u-layout-cell-2\">\n                <div class=\"u-container-layout u-padding-6 u-valign-middle u-container-layout-2\"><span class=\"u-icon u-icon-circle u-palette-2-base u-spacing-12 u-icon-2\"><svg class=\"u-svg-link\" preserveAspectRatio=\"xMidYMin slice\" viewBox=\"0 0 512.001 512.001\"><use xmlns:xlink=\"http:\/\/www.w3.org\/1999\/xlink\" xlink:href=\"#svg-e519\"><\/use><\/svg><svg xmlns=\"http:\/\/www.w3.org\/2000\/svg\" xmlns:xlink=\"http:\/\/www.w3.org\/1999\/xlink\" version=\"1.1\" id=\"svg-e519\" x=\"0px\" y=\"0px\" viewBox=\"0 0 512.001 512.001\" style=\"enable-background:new 0 0 512.001 512.001;\" xml:space=\"preserve\" class=\"u-svg-content\"><g><g><path d=\"M501.801,90.455H10.199C4.567,90.455,0,95.021,0,100.654v268.728c0,28.764,23.4,52.165,52.165,52.165h407.671    c28.764,0,52.165-23.401,52.165-52.165V100.654C512,95.021,507.433,90.455,501.801,90.455z M491.602,369.381    c0,17.516-14.25,31.766-31.766,31.766H52.165c-17.516,0-31.766-14.251-31.766-31.766V122.906l229.14,187.584    c1.88,1.538,4.17,2.307,6.461,2.307c2.287,0,4.574-0.767,6.452-2.3l177.306-144.829c4.362-3.564,5.01-9.988,1.447-14.351    c-3.565-4.363-9.988-5.011-14.351-1.446L256.007,289.423L37.879,110.853h453.723V369.381z\"><\/path>\n<\/g>\n<\/g><g><g><path d=\"M469.923,127.859c-3.563-4.363-9.99-5.011-14.35-1.447l-3.06,2.499c-4.363,3.564-5.011,9.988-1.448,14.351    c2.015,2.468,4.948,3.747,7.905,3.747c2.269,0,4.552-0.754,6.445-2.3l3.06-2.499C472.838,138.647,473.486,132.222,469.923,127.859    z\"><\/path>\n<\/g>\n<\/g><g><\/g><g><\/g><g><\/g><g><\/g><g><\/g><g><\/g><g><\/g><g><\/g><g><\/g><g><\/g><g><\/g><g><\/g><g><\/g><g><\/g><g><\/g><\/svg><\/span>\n                  <h6 class=\"u-text u-text-2\">msd@sfz-erding.de<\/h6>\n                <\/div>\n              <\/div>\n            <\/div>\n          <\/div>\n        <\/div>\n        <div class=\"u-clearfix u-expanded-width u-layout-wrap u-layout-wrap-2\">\n          <div class=\"u-layout\">\n            <div class=\"u-layout-row\">\n              <div class=\"u-container-style u-layout-cell u-left-cell u-size-60 u-layout-cell-3\">\n                <div class=\"u-container-layout u-valign-top u-container-layout-3\"><span class=\"u-file-link u-icon u-icon-circle u-text-palette-1-base u-icon-3\" data-href=\"https:\/\/sfz-erding.de\/wordpress\/wp-content\/uploads\/2020\/12\/Flyer-MSD.pdf\" title=\"flyer-msd-seite-1\"><svg class=\"u-svg-link\" preserveAspectRatio=\"xMidYMin slice\" viewBox=\"0 0 58 58\" style=\"\"><use xlink:href=\"#svg-6c03\"><\/use><\/svg><svg xmlns=\"http:\/\/www.w3.org\/2000\/svg\" xmlns:xlink=\"http:\/\/www.w3.org\/1999\/xlink\" version=\"1.1\" xml:space=\"preserve\" class=\"u-svg-content\" viewBox=\"0 0 58 58\" x=\"0px\" y=\"0px\" id=\"svg-6c03\" style=\"enable-background:new 0 0 58 58;\"><polygon style=\"fill:#3083C9;\" points=\"36,17 22,17 8,17 8,58 50,58 50,17 \"><\/polygon><polyline style=\"fill:none;stroke:#EFCE4A;stroke-width:2;stroke-linecap:round;stroke-linejoin:round;stroke-miterlimit:10;\" points=\"  38.979,28.979 28.958,39 18.979,29.021 \"><\/polyline><line style=\"fill:none;stroke:#EFCE4A;stroke-width:2;stroke-linecap:round;stroke-linejoin:round;stroke-miterlimit:10;\" x1=\"29\" y1=\"39\" x2=\"29\" y2=\"1\"><\/line><\/svg><\/span>\n                  <p class=\"u-text u-text-default u-text-3\">\n                    <a class=\"u-btn u-button-link u-button-style u-file-link u-text-palette-1-base u-btn-1\" href=\"https:\/\/sfz-erding.de\/wordpress\/wp-content\/uploads\/2020\/12\/Flyer-MSD.pdf\">Download MSD<br>\n                    <\/a>\n                  <\/p>\n                <\/div>\n              <\/div>\n            <\/div>\n          <\/div>\n        <\/div>\n      <\/div>\n    <\/section>\n    \n    \n    \n  \n<\/div>","protected":false},"excerpt":{"rendered":"<p>Mobiler Sonderp\u00e4dagogischer Dienst (MSD) Was ist der MSD? Ziel des MSD Angebote des MSD zur\u00fcck zu Beratung Was ist der Mobile Sonderp\u00e4dagogische Dienst? Der MSD ist ein integratives Angebot des Sonderp\u00e4dagogischen F\u00f6rderzentrums an die allgemeine Schule zur Unterst\u00fctzung von Sch\u00fclerinnen und Sch\u00fclern mit sonderp\u00e4dagogischem F\u00f6rderbedarf.&nbsp;Die Aufgaben des Mobilen Sonderp\u00e4dagogischen Dienstes sind Beratung, Diagnostik, F\u00f6rderung und [&hellip;]<\/p>\n","protected":false},"author":4,"featured_media":0,"parent":0,"menu_order":0,"comment_status":"closed","ping_status":"closed","template":"","meta":[],"_links":{"self":[{"href":"https:\/\/sfz-erding.de\/wordpress\/wp-json\/wp\/v2\/pages\/1093"}],"collection":[{"href":"https:\/\/sfz-erding.de\/wordpress\/wp-json\/wp\/v2\/pages"}],"about":[{"href":"https:\/\/sfz-erding.de\/wordpress\/wp-json\/wp\/v2\/types\/page"}],"author":[{"embeddable":true,"href":"https:\/\/sfz-erding.de\/wordpress\/wp-json\/wp\/v2\/users\/4"}],"replies":[{"embeddable":true,"href":"https:\/\/sfz-erding.de\/wordpress\/wp-json\/wp\/v2\/comments?post=1093"}],"version-history":[{"count":59,"href":"https:\/\/sfz-erding.de\/wordpress\/wp-json\/wp\/v2\/pages\/1093\/revisions"}],"predecessor-version":[{"id":3791,"href":"https:\/\/sfz-erding.de\/wordpress\/wp-json\/wp\/v2\/pages\/1093\/revisions\/3791"}],"wp:attachment":[{"href":"https:\/\/sfz-erding.de\/wordpress\/wp-json\/wp\/v2\/media?parent=1093"}],"curies":[{"name":"wp","href":"https:\/\/api.w.org\/{rel}","templated":true}]}}